


























{"id":10101,"date":"2021-09-27T11:49:40","date_gmt":"2021-09-27T09:49:40","guid":{"rendered":"https:\/\/freemove.fr\/reservation-stage-onewheel\/"},"modified":"2021-10-03T22:10:29","modified_gmt":"2021-10-03T20:10:29","slug":"reservation-stage-onewheel","status":"publish","type":"page","link":"https:\/\/freemove.fr\/en\/reservation-stage-onewheel\/","title":{"rendered":"R\u00e9servation stage Onewheel \/ gyroroue"},"content":{"rendered":"<div class=\"wpb-content-wrapper\">[vc_row css=&#8221;.vc_custom_1632736925684{padding-top: 95px !important;padding-bottom: 115px !important;background-position: center !important;background-repeat: no-repeat !important;background-size: cover !important;}&#8221; el_class=&#8221;padding_uniform&#8221;][vc_column el_class=&#8221;container&#8221; css=&#8221;.vc_custom_1623145253927{padding-right: 17.5px !important;padding-left: 17.5px !important;}&#8221;][vc_row_inner equal_height=&#8221;yes&#8221; gap=&#8221;35&#8243; el_class=&#8221;justify-content-between&#8221;][vc_column_inner css=&#8221;.vc_custom_1623152524355{margin-bottom: 0px !important;padding-right: 0px !important;padding-left: 0px !important;}&#8221;]<style>.vcex-heading.vcex_69dea09446a67{color:#000000;font-size:20px;font-family:Montserrat;font-weight:800;text-transform:uppercase;letter-spacing:2px;}<\/style><h2 class=\"vcex-heading vcex-heading-plain vcex-module wpex-heading wpex-text-2xl wpex-mb-15 vcex_69dea09446a67\"><span class=\"vcex-heading-inner wpex-inline-block\">Formulaire de r\u00e9servation stage Onewheel \/ Gyroroue<\/span><\/h2><div class=\"vcex-module vcex-divider vcex-divider-solid vcex-divider-center wpex-mx-auto wpex-max-w-100 wpex-block wpex-h-0 wpex-border-b wpex-border-solid wpex-border-main\" style=\"width:100%;margin-block-end:5px;border-bottom-width:2px;border-color:#000000;\"><\/div><div class=\"vcex-form-shortcode vcex-module wpex-form wpex-m-auto wpex-max-w-100\">[wpforms id=&#8221;9341&#8243; title=&#8221;false&#8221; description=&#8221;false&#8221;]<\/div>[\/vc_column_inner][\/vc_row_inner][\/vc_column][\/vc_row]\n<\/div>","protected":false},"excerpt":{"rendered":"<p>[vc_row css=&#8221;.vc_custom_1632736925684{padding-top: 95px !important;padding-bottom: 115px !important;background-position: center !important;background-repeat: no-repeat !important;background-size: cover !important;}&#8221; el_class=&#8221;padding_uniform&#8221;][vc_column el_class=&#8221;container&#8221; css=&#8221;.vc_custom_1623145253927{padding-right: 17.5px !important;padding-left: 17.5px !important;}&#8221;][vc_row_inner equal_height=&#8221;yes&#8221; gap=&#8221;35&#8243; el_class=&#8221;justify-content-between&#8221;][vc_column_inner css=&#8221;.vc_custom_1623152524355{margin-bottom: 0px !important;padding-right: 0px !important;padding-left: 0px !important;}&#8221;][\/vc_column_inner][\/vc_row_inner][\/vc_column][\/vc_row]<\/p>\n","protected":false},"author":1,"featured_media":10179,"parent":0,"menu_order":0,"comment_status":"closed","ping_status":"closed","template":"","meta":{"inline_featured_image":false,"footnotes":""},"class_list":["post-10101","page","type-page","status-publish","has-post-thumbnail","hentry","entry","has-media"],"acf":[],"yoast_head":"<!-- This site is optimized with the Yoast SEO plugin v24.9 - https:\/\/yoast.com\/wordpress\/plugins\/seo\/ -->\n<title>R\u00e9servation stage Onewheel \/ gyroroue<\/title>\n<meta name=\"robots\" content=\"index, follow, max-snippet:-1, max-image-preview:large, max-video-preview:-1\" \/>\n<link rel=\"canonical\" href=\"https:\/\/freemove.fr\/en\/reservation-stage-onewheel\/\" \/>\n<meta property=\"og:locale\" content=\"en_US\" \/>\n<meta property=\"og:type\" content=\"article\" \/>\n<meta property=\"og:title\" content=\"R\u00e9servation stage Onewheel \/ gyroroue\" \/>\n<meta property=\"og:description\" content=\"[vc_row css=&#8221;.vc_custom_1632736925684{padding-top: 95px !important;padding-bottom: 115px !important;background-position: center !important;background-repeat: no-repeat !important;background-size: cover !important;}&#8221; el_class=&#8221;padding_uniform&#8221;][vc_column el_class=&#8221;container&#8221; css=&#8221;.vc_custom_1623145253927{padding-right: 17.5px !important;padding-left: 17.5px !important;}&#8221;][vc_row_inner equal_height=&#8221;yes&#8221; gap=&#8221;35&#8243; el_class=&#8221;justify-content-between&#8221;][vc_column_inner css=&#8221;.vc_custom_1623152524355{margin-bottom: 0px !important;padding-right: 0px !important;padding-left: 0px !important;}&#8221;][\/vc_column_inner][\/vc_row_inner][\/vc_column][\/vc_row]\" \/>\n<meta property=\"og:url\" content=\"https:\/\/freemove.fr\/en\/reservation-stage-onewheel\/\" \/>\n<meta property=\"og:site_name\" content=\"Freemove la Glisse \u00c9lectrique pour tous\" \/>\n<meta property=\"article:modified_time\" content=\"2021-10-03T20:10:29+00:00\" \/>\n<meta property=\"og:image\" content=\"https:\/\/freemove.fr\/wp-content\/uploads\/2021\/10\/Bandeau-Mobilite\u0301-scaled.jpg\" \/>\n\t<meta property=\"og:image:width\" content=\"2560\" \/>\n\t<meta property=\"og:image:height\" content=\"1036\" \/>\n\t<meta property=\"og:image:type\" content=\"image\/jpeg\" \/>\n<meta name=\"twitter:card\" content=\"summary_large_image\" \/>\n<meta name=\"twitter:label1\" content=\"Est. reading time\" \/>\n\t<meta name=\"twitter:data1\" content=\"1 minute\" \/>\n<script type=\"application\/ld+json\" class=\"yoast-schema-graph\">{\"@context\":\"https:\/\/schema.org\",\"@graph\":[{\"@type\":\"WebPage\",\"@id\":\"https:\/\/freemove.fr\/en\/reservation-stage-onewheel\/\",\"url\":\"https:\/\/freemove.fr\/en\/reservation-stage-onewheel\/\",\"name\":\"R\u00e9servation stage Onewheel \/ gyroroue\",\"isPartOf\":{\"@id\":\"https:\/\/freemove.fr\/en\/#website\"},\"primaryImageOfPage\":{\"@id\":\"https:\/\/freemove.fr\/en\/reservation-stage-onewheel\/#primaryimage\"},\"image\":{\"@id\":\"https:\/\/freemove.fr\/en\/reservation-stage-onewheel\/#primaryimage\"},\"thumbnailUrl\":\"https:\/\/freemove.fr\/wp-content\/uploads\/2021\/10\/Bandeau-Mobilite\u0301-scaled.jpg\",\"datePublished\":\"2021-09-27T09:49:40+00:00\",\"dateModified\":\"2021-10-03T20:10:29+00:00\",\"breadcrumb\":{\"@id\":\"https:\/\/freemove.fr\/en\/reservation-stage-onewheel\/#breadcrumb\"},\"inLanguage\":\"en-US\",\"potentialAction\":[{\"@type\":\"ReadAction\",\"target\":[\"https:\/\/freemove.fr\/en\/reservation-stage-onewheel\/\"]}]},{\"@type\":\"ImageObject\",\"inLanguage\":\"en-US\",\"@id\":\"https:\/\/freemove.fr\/en\/reservation-stage-onewheel\/#primaryimage\",\"url\":\"https:\/\/freemove.fr\/wp-content\/uploads\/2021\/10\/Bandeau-Mobilite\u0301-scaled.jpg\",\"contentUrl\":\"https:\/\/freemove.fr\/wp-content\/uploads\/2021\/10\/Bandeau-Mobilite\u0301-scaled.jpg\",\"width\":2560,\"height\":1036},{\"@type\":\"BreadcrumbList\",\"@id\":\"https:\/\/freemove.fr\/en\/reservation-stage-onewheel\/#breadcrumb\",\"itemListElement\":[{\"@type\":\"ListItem\",\"position\":1,\"name\":\"Accueil\",\"item\":\"https:\/\/freemove.fr\/en\/\"},{\"@type\":\"ListItem\",\"position\":2,\"name\":\"R\u00e9servation stage Onewheel \/ gyroroue\"}]},{\"@type\":\"WebSite\",\"@id\":\"https:\/\/freemove.fr\/en\/#website\",\"url\":\"https:\/\/freemove.fr\/en\/\",\"name\":\"Freemove la Glisse \u00c9lectrique pour tous\",\"description\":\"Onewheel - Visites guid\u00e9es en Segway \u00e0 Amboise\",\"publisher\":{\"@id\":\"https:\/\/freemove.fr\/en\/#organization\"},\"potentialAction\":[{\"@type\":\"SearchAction\",\"target\":{\"@type\":\"EntryPoint\",\"urlTemplate\":\"https:\/\/freemove.fr\/en\/?s={search_term_string}\"},\"query-input\":{\"@type\":\"PropertyValueSpecification\",\"valueRequired\":true,\"valueName\":\"search_term_string\"}}],\"inLanguage\":\"en-US\"},{\"@type\":\"Organization\",\"@id\":\"https:\/\/freemove.fr\/en\/#organization\",\"name\":\"Freemove\",\"url\":\"https:\/\/freemove.fr\/en\/\",\"logo\":{\"@type\":\"ImageObject\",\"inLanguage\":\"en-US\",\"@id\":\"https:\/\/freemove.fr\/en\/#\/schema\/logo\/image\/\",\"url\":\"https:\/\/freemove.fr\/wp-content\/uploads\/2021\/06\/footer_logotype-1.svg\",\"contentUrl\":\"https:\/\/freemove.fr\/wp-content\/uploads\/2021\/06\/footer_logotype-1.svg\",\"width\":163,\"height\":45,\"caption\":\"Freemove\"},\"image\":{\"@id\":\"https:\/\/freemove.fr\/en\/#\/schema\/logo\/image\/\"}}]}<\/script>\n<!-- \/ Yoast SEO plugin. -->","yoast_head_json":{"title":"R\u00e9servation stage Onewheel \/ gyroroue","robots":{"index":"index","follow":"follow","max-snippet":"max-snippet:-1","max-image-preview":"max-image-preview:large","max-video-preview":"max-video-preview:-1"},"canonical":"https:\/\/freemove.fr\/en\/reservation-stage-onewheel\/","og_locale":"en_US","og_type":"article","og_title":"R\u00e9servation stage Onewheel \/ gyroroue","og_description":"[vc_row css=&#8221;.vc_custom_1632736925684{padding-top: 95px !important;padding-bottom: 115px !important;background-position: center !important;background-repeat: no-repeat !important;background-size: cover !important;}&#8221; el_class=&#8221;padding_uniform&#8221;][vc_column el_class=&#8221;container&#8221; css=&#8221;.vc_custom_1623145253927{padding-right: 17.5px !important;padding-left: 17.5px !important;}&#8221;][vc_row_inner equal_height=&#8221;yes&#8221; gap=&#8221;35&#8243; el_class=&#8221;justify-content-between&#8221;][vc_column_inner css=&#8221;.vc_custom_1623152524355{margin-bottom: 0px !important;padding-right: 0px !important;padding-left: 0px !important;}&#8221;][\/vc_column_inner][\/vc_row_inner][\/vc_column][\/vc_row]","og_url":"https:\/\/freemove.fr\/en\/reservation-stage-onewheel\/","og_site_name":"Freemove la Glisse \u00c9lectrique pour tous","article_modified_time":"2021-10-03T20:10:29+00:00","og_image":[{"width":2560,"height":1036,"url":"https:\/\/freemove.fr\/wp-content\/uploads\/2021\/10\/Bandeau-Mobilite\u0301-scaled.jpg","type":"image\/jpeg"}],"twitter_card":"summary_large_image","twitter_misc":{"Est. reading time":"1 minute"},"schema":{"@context":"https:\/\/schema.org","@graph":[{"@type":"WebPage","@id":"https:\/\/freemove.fr\/en\/reservation-stage-onewheel\/","url":"https:\/\/freemove.fr\/en\/reservation-stage-onewheel\/","name":"R\u00e9servation stage Onewheel \/ gyroroue","isPartOf":{"@id":"https:\/\/freemove.fr\/en\/#website"},"primaryImageOfPage":{"@id":"https:\/\/freemove.fr\/en\/reservation-stage-onewheel\/#primaryimage"},"image":{"@id":"https:\/\/freemove.fr\/en\/reservation-stage-onewheel\/#primaryimage"},"thumbnailUrl":"https:\/\/freemove.fr\/wp-content\/uploads\/2021\/10\/Bandeau-Mobilite\u0301-scaled.jpg","datePublished":"2021-09-27T09:49:40+00:00","dateModified":"2021-10-03T20:10:29+00:00","breadcrumb":{"@id":"https:\/\/freemove.fr\/en\/reservation-stage-onewheel\/#breadcrumb"},"inLanguage":"en-US","potentialAction":[{"@type":"ReadAction","target":["https:\/\/freemove.fr\/en\/reservation-stage-onewheel\/"]}]},{"@type":"ImageObject","inLanguage":"en-US","@id":"https:\/\/freemove.fr\/en\/reservation-stage-onewheel\/#primaryimage","url":"https:\/\/freemove.fr\/wp-content\/uploads\/2021\/10\/Bandeau-Mobilite\u0301-scaled.jpg","contentUrl":"https:\/\/freemove.fr\/wp-content\/uploads\/2021\/10\/Bandeau-Mobilite\u0301-scaled.jpg","width":2560,"height":1036},{"@type":"BreadcrumbList","@id":"https:\/\/freemove.fr\/en\/reservation-stage-onewheel\/#breadcrumb","itemListElement":[{"@type":"ListItem","position":1,"name":"Accueil","item":"https:\/\/freemove.fr\/en\/"},{"@type":"ListItem","position":2,"name":"R\u00e9servation stage Onewheel \/ gyroroue"}]},{"@type":"WebSite","@id":"https:\/\/freemove.fr\/en\/#website","url":"https:\/\/freemove.fr\/en\/","name":"Freemove la Glisse \u00c9lectrique pour tous","description":"Onewheel - Visites guid\u00e9es en Segway \u00e0 Amboise","publisher":{"@id":"https:\/\/freemove.fr\/en\/#organization"},"potentialAction":[{"@type":"SearchAction","target":{"@type":"EntryPoint","urlTemplate":"https:\/\/freemove.fr\/en\/?s={search_term_string}"},"query-input":{"@type":"PropertyValueSpecification","valueRequired":true,"valueName":"search_term_string"}}],"inLanguage":"en-US"},{"@type":"Organization","@id":"https:\/\/freemove.fr\/en\/#organization","name":"Freemove","url":"https:\/\/freemove.fr\/en\/","logo":{"@type":"ImageObject","inLanguage":"en-US","@id":"https:\/\/freemove.fr\/en\/#\/schema\/logo\/image\/","url":"https:\/\/freemove.fr\/wp-content\/uploads\/2021\/06\/footer_logotype-1.svg","contentUrl":"https:\/\/freemove.fr\/wp-content\/uploads\/2021\/06\/footer_logotype-1.svg","width":163,"height":45,"caption":"Freemove"},"image":{"@id":"https:\/\/freemove.fr\/en\/#\/schema\/logo\/image\/"}}]}},"_links":{"self":[{"href":"https:\/\/freemove.fr\/en\/wp-json\/wp\/v2\/pages\/10101","targetHints":{"allow":["GET"]}}],"collection":[{"href":"https:\/\/freemove.fr\/en\/wp-json\/wp\/v2\/pages"}],"about":[{"href":"https:\/\/freemove.fr\/en\/wp-json\/wp\/v2\/types\/page"}],"author":[{"embeddable":true,"href":"https:\/\/freemove.fr\/en\/wp-json\/wp\/v2\/users\/1"}],"replies":[{"embeddable":true,"href":"https:\/\/freemove.fr\/en\/wp-json\/wp\/v2\/comments?post=10101"}],"version-history":[{"count":2,"href":"https:\/\/freemove.fr\/en\/wp-json\/wp\/v2\/pages\/10101\/revisions"}],"predecessor-version":[{"id":10109,"href":"https:\/\/freemove.fr\/en\/wp-json\/wp\/v2\/pages\/10101\/revisions\/10109"}],"wp:featuredmedia":[{"embeddable":true,"href":"https:\/\/freemove.fr\/en\/wp-json\/wp\/v2\/media\/10179"}],"wp:attachment":[{"href":"https:\/\/freemove.fr\/en\/wp-json\/wp\/v2\/media?parent=10101"}],"curies":[{"name":"wp","href":"https:\/\/api.w.org\/{rel}","templated":true}]}}