


























{"id":10098,"date":"2021-09-27T10:23:25","date_gmt":"2021-09-27T08:23:25","guid":{"rendered":"https:\/\/freemove.fr\/plan-du-site\/"},"modified":"2021-10-04T20:38:54","modified_gmt":"2021-10-04T18:38:54","slug":"plan-du-site","status":"publish","type":"page","link":"https:\/\/freemove.fr\/en\/plan-du-site\/","title":{"rendered":"Plan du site"},"content":{"rendered":"<div class=\"wpb-content-wrapper\">[vc_row][vc_column el_class=&#8221;vc_column_container_wrap&#8221;]<div class=\"vcex-shortcode wpex-clr\"><div id=\"wp-realtime-sitemap-pages\"><h3>Pages<\/h3><ul><li class=\"page_item page-item-10077\"><a href=\"https:\/\/freemove.fr\/en\/actualites\/\">Actualit\u00e9s<\/a><\/li>\n<li class=\"page_item page-item-10099\"><a href=\"https:\/\/freemove.fr\/en\/book-your-segway-tour\/\">Book your Segway tour<\/a><\/li>\n<li class=\"page_item page-item-10168\"><a href=\"https:\/\/freemove.fr\/en\/commande-enregistree\/\">COMMANDE ENREGISTR\u00c9E<\/a><\/li>\n<li class=\"page_item page-item-10062 page_item_has_children\"><a href=\"https:\/\/freemove.fr\/en\/communication\/\">Communication<\/a><\/li>\n<li class=\"page_item page-item-10056\"><a href=\"https:\/\/freemove.fr\/en\/conditions-generales-de-vente\/\">Conditions g\u00e9n\u00e9rales de vente<\/a><\/li>\n<li class=\"page_item page-item-10067\"><a href=\"https:\/\/freemove.fr\/en\/contact\/\">Contact<\/a><\/li>\n<li class=\"page_item page-item-10069 page_item_has_children\"><a href=\"https:\/\/freemove.fr\/en\/freeride\/\">Freeride l&#8217;\u00e9cole de roue \u00e9lectrique<\/a><\/li>\n<li class=\"page_item page-item-10025\"><a href=\"https:\/\/freemove.fr\/en\/\">Home<\/a><\/li>\n<li class=\"page_item page-item-10075\"><a href=\"https:\/\/freemove.fr\/en\/incentive\/\">incentive<\/a><\/li>\n<li class=\"page_item page-item-10093\"><a href=\"https:\/\/freemove.fr\/en\/liste-de-souhaits\/\">Liste de souhaits<\/a><\/li>\n<li class=\"page_item page-item-10096\"><a href=\"https:\/\/freemove.fr\/en\/mentions-legales\/\">Mentions l\u00e9gales<\/a><\/li>\n<li class=\"page_item page-item-10035\"><a href=\"https:\/\/freemove.fr\/en\/my-account\/\">My Account<\/a><\/li>\n<li class=\"page_item page-item-10044\"><a href=\"https:\/\/freemove.fr\/en\/on-sale\/\">On sale<\/a><\/li>\n<li class=\"page_item page-item-10098\"><a href=\"https:\/\/freemove.fr\/en\/plan-du-site\/\">Plan du site<\/a><\/li>\n<li class=\"page_item page-item-12343\"><a href=\"https:\/\/freemove.fr\/en\/booking-ride\/\">R\u00e9servation balade<\/a><\/li>\n<li class=\"page_item page-item-10101\"><a href=\"https:\/\/freemove.fr\/en\/reservation-stage-onewheel\/\">R\u00e9servation stage Onewheel \/ gyroroue<\/a><\/li>\n<li class=\"page_item page-item-10028\"><a href=\"https:\/\/freemove.fr\/en\/segway\/\">Segway<\/a><\/li>\n<li class=\"page_item page-item-10032\"><a href=\"https:\/\/freemove.fr\/en\/shop\/\">Shop<\/a><\/li>\n<li class=\"page_item page-item-10103\"><a href=\"https:\/\/freemove.fr\/en\/onewheel\/\">Stage et initiation Onewheel<\/a><\/li>\n<li class=\"page_item page-item-10105\"><a href=\"https:\/\/freemove.fr\/en\/tarifs-options-circuits\/\">Tarifs Options Circuits<\/a><\/li>\n<\/ul><\/div><div id=\"wp-realtime-sitemap-posts\"><h3>Posts<\/h3><ul><li><a href=\"https:\/\/freemove.fr\/en\/2018\/05\/10-ans-de-glisse-gagnez-une-gotway-mcm4\/\" title=\"Permalink to 10 ANS DE GLISSE ! GAGNEZ UNE GOTWAY MCM4 !\" rel=\"bookmark\">10 ANS DE GLISSE ! GAGNEZ UNE GOTWAY MCM4 !<\/a><\/li><li><a href=\"https:\/\/freemove.fr\/en\/2018\/06\/10-ans-de-glisse-gagnez-un-onewheel\/\" title=\"Permalink to 10 ANS DE GLISSE ! GAGNEZ UN ONEWHEEL+ !\" rel=\"bookmark\">10 ANS DE GLISSE ! GAGNEZ UN ONEWHEEL+ !<\/a><\/li><li><a href=\"https:\/\/freemove.fr\/en\/2018\/10\/bichonnez-votre-onewheel\/\" title=\"Permalink to Bichonnez votre Onewheel !\" rel=\"bookmark\">Bichonnez votre Onewheel !<\/a><\/li><li><a href=\"https:\/\/freemove.fr\/en\/2021\/12\/sweep-of-2021\/\" title=\"Permalink to SWEEP OF 2021!\" rel=\"bookmark\">SWEEP OF 2021!<\/a><\/li><\/ul><\/div><\/div>[\/vc_column][\/vc_row]\n<\/div>","protected":false},"excerpt":{"rendered":"<p>[vc_row][vc_column el_class=&#8221;vc_column_container_wrap&#8221;][\/vc_column][\/vc_row]<\/p>\n","protected":false},"author":1,"featured_media":0,"parent":0,"menu_order":0,"comment_status":"closed","ping_status":"closed","template":"","meta":{"inline_featured_image":false,"footnotes":""},"class_list":["post-10098","page","type-page","status-publish","hentry","entry","has-media"],"acf":[],"yoast_head":"<!-- This site is optimized with the Yoast SEO plugin v24.9 - https:\/\/yoast.com\/wordpress\/plugins\/seo\/ -->\n<title>Plan du site<\/title>\n<meta name=\"robots\" content=\"index, follow, max-snippet:-1, max-image-preview:large, max-video-preview:-1\" \/>\n<link rel=\"canonical\" href=\"https:\/\/freemove.fr\/en\/plan-du-site\/\" \/>\n<meta property=\"og:locale\" content=\"en_US\" \/>\n<meta property=\"og:type\" content=\"article\" \/>\n<meta property=\"og:title\" content=\"Plan du site\" \/>\n<meta property=\"og:description\" content=\"[vc_row][vc_column el_class=&#8221;vc_column_container_wrap&#8221;][\/vc_column][\/vc_row]\" \/>\n<meta property=\"og:url\" content=\"https:\/\/freemove.fr\/en\/plan-du-site\/\" \/>\n<meta property=\"og:site_name\" content=\"Freemove la Glisse \u00c9lectrique pour tous\" \/>\n<meta property=\"article:modified_time\" content=\"2021-10-04T18:38:54+00:00\" \/>\n<meta name=\"twitter:card\" content=\"summary_large_image\" \/>\n<script type=\"application\/ld+json\" class=\"yoast-schema-graph\">{\"@context\":\"https:\/\/schema.org\",\"@graph\":[{\"@type\":\"WebPage\",\"@id\":\"https:\/\/freemove.fr\/en\/plan-du-site\/\",\"url\":\"https:\/\/freemove.fr\/en\/plan-du-site\/\",\"name\":\"Plan du site\",\"isPartOf\":{\"@id\":\"https:\/\/freemove.fr\/en\/#website\"},\"datePublished\":\"2021-09-27T08:23:25+00:00\",\"dateModified\":\"2021-10-04T18:38:54+00:00\",\"breadcrumb\":{\"@id\":\"https:\/\/freemove.fr\/en\/plan-du-site\/#breadcrumb\"},\"inLanguage\":\"en-US\",\"potentialAction\":[{\"@type\":\"ReadAction\",\"target\":[\"https:\/\/freemove.fr\/en\/plan-du-site\/\"]}]},{\"@type\":\"BreadcrumbList\",\"@id\":\"https:\/\/freemove.fr\/en\/plan-du-site\/#breadcrumb\",\"itemListElement\":[{\"@type\":\"ListItem\",\"position\":1,\"name\":\"Accueil\",\"item\":\"https:\/\/freemove.fr\/en\/\"},{\"@type\":\"ListItem\",\"position\":2,\"name\":\"Plan du site\"}]},{\"@type\":\"WebSite\",\"@id\":\"https:\/\/freemove.fr\/en\/#website\",\"url\":\"https:\/\/freemove.fr\/en\/\",\"name\":\"Freemove la Glisse \u00c9lectrique pour tous\",\"description\":\"Onewheel - Visites guid\u00e9es en Segway \u00e0 Amboise\",\"publisher\":{\"@id\":\"https:\/\/freemove.fr\/en\/#organization\"},\"potentialAction\":[{\"@type\":\"SearchAction\",\"target\":{\"@type\":\"EntryPoint\",\"urlTemplate\":\"https:\/\/freemove.fr\/en\/?s={search_term_string}\"},\"query-input\":{\"@type\":\"PropertyValueSpecification\",\"valueRequired\":true,\"valueName\":\"search_term_string\"}}],\"inLanguage\":\"en-US\"},{\"@type\":\"Organization\",\"@id\":\"https:\/\/freemove.fr\/en\/#organization\",\"name\":\"Freemove\",\"url\":\"https:\/\/freemove.fr\/en\/\",\"logo\":{\"@type\":\"ImageObject\",\"inLanguage\":\"en-US\",\"@id\":\"https:\/\/freemove.fr\/en\/#\/schema\/logo\/image\/\",\"url\":\"https:\/\/freemove.fr\/wp-content\/uploads\/2021\/06\/footer_logotype-1.svg\",\"contentUrl\":\"https:\/\/freemove.fr\/wp-content\/uploads\/2021\/06\/footer_logotype-1.svg\",\"width\":163,\"height\":45,\"caption\":\"Freemove\"},\"image\":{\"@id\":\"https:\/\/freemove.fr\/en\/#\/schema\/logo\/image\/\"}}]}<\/script>\n<!-- \/ Yoast SEO plugin. -->","yoast_head_json":{"title":"Plan du site","robots":{"index":"index","follow":"follow","max-snippet":"max-snippet:-1","max-image-preview":"max-image-preview:large","max-video-preview":"max-video-preview:-1"},"canonical":"https:\/\/freemove.fr\/en\/plan-du-site\/","og_locale":"en_US","og_type":"article","og_title":"Plan du site","og_description":"[vc_row][vc_column el_class=&#8221;vc_column_container_wrap&#8221;][\/vc_column][\/vc_row]","og_url":"https:\/\/freemove.fr\/en\/plan-du-site\/","og_site_name":"Freemove la Glisse \u00c9lectrique pour tous","article_modified_time":"2021-10-04T18:38:54+00:00","twitter_card":"summary_large_image","schema":{"@context":"https:\/\/schema.org","@graph":[{"@type":"WebPage","@id":"https:\/\/freemove.fr\/en\/plan-du-site\/","url":"https:\/\/freemove.fr\/en\/plan-du-site\/","name":"Plan du site","isPartOf":{"@id":"https:\/\/freemove.fr\/en\/#website"},"datePublished":"2021-09-27T08:23:25+00:00","dateModified":"2021-10-04T18:38:54+00:00","breadcrumb":{"@id":"https:\/\/freemove.fr\/en\/plan-du-site\/#breadcrumb"},"inLanguage":"en-US","potentialAction":[{"@type":"ReadAction","target":["https:\/\/freemove.fr\/en\/plan-du-site\/"]}]},{"@type":"BreadcrumbList","@id":"https:\/\/freemove.fr\/en\/plan-du-site\/#breadcrumb","itemListElement":[{"@type":"ListItem","position":1,"name":"Accueil","item":"https:\/\/freemove.fr\/en\/"},{"@type":"ListItem","position":2,"name":"Plan du site"}]},{"@type":"WebSite","@id":"https:\/\/freemove.fr\/en\/#website","url":"https:\/\/freemove.fr\/en\/","name":"Freemove la Glisse \u00c9lectrique pour tous","description":"Onewheel - Visites guid\u00e9es en Segway \u00e0 Amboise","publisher":{"@id":"https:\/\/freemove.fr\/en\/#organization"},"potentialAction":[{"@type":"SearchAction","target":{"@type":"EntryPoint","urlTemplate":"https:\/\/freemove.fr\/en\/?s={search_term_string}"},"query-input":{"@type":"PropertyValueSpecification","valueRequired":true,"valueName":"search_term_string"}}],"inLanguage":"en-US"},{"@type":"Organization","@id":"https:\/\/freemove.fr\/en\/#organization","name":"Freemove","url":"https:\/\/freemove.fr\/en\/","logo":{"@type":"ImageObject","inLanguage":"en-US","@id":"https:\/\/freemove.fr\/en\/#\/schema\/logo\/image\/","url":"https:\/\/freemove.fr\/wp-content\/uploads\/2021\/06\/footer_logotype-1.svg","contentUrl":"https:\/\/freemove.fr\/wp-content\/uploads\/2021\/06\/footer_logotype-1.svg","width":163,"height":45,"caption":"Freemove"},"image":{"@id":"https:\/\/freemove.fr\/en\/#\/schema\/logo\/image\/"}}]}},"_links":{"self":[{"href":"https:\/\/freemove.fr\/en\/wp-json\/wp\/v2\/pages\/10098","targetHints":{"allow":["GET"]}}],"collection":[{"href":"https:\/\/freemove.fr\/en\/wp-json\/wp\/v2\/pages"}],"about":[{"href":"https:\/\/freemove.fr\/en\/wp-json\/wp\/v2\/types\/page"}],"author":[{"embeddable":true,"href":"https:\/\/freemove.fr\/en\/wp-json\/wp\/v2\/users\/1"}],"replies":[{"embeddable":true,"href":"https:\/\/freemove.fr\/en\/wp-json\/wp\/v2\/comments?post=10098"}],"version-history":[{"count":3,"href":"https:\/\/freemove.fr\/en\/wp-json\/wp\/v2\/pages\/10098\/revisions"}],"predecessor-version":[{"id":10158,"href":"https:\/\/freemove.fr\/en\/wp-json\/wp\/v2\/pages\/10098\/revisions\/10158"}],"wp:attachment":[{"href":"https:\/\/freemove.fr\/en\/wp-json\/wp\/v2\/media?parent=10098"}],"curies":[{"name":"wp","href":"https:\/\/api.w.org\/{rel}","templated":true}]}}