


























{"id":10077,"date":"2021-06-16T15:56:04","date_gmt":"2021-06-16T13:56:04","guid":{"rendered":"https:\/\/freemove.fr\/actualites\/"},"modified":"2021-10-03T22:08:29","modified_gmt":"2021-10-03T20:08:29","slug":"actualites","status":"publish","type":"page","link":"https:\/\/freemove.fr\/en\/actualites\/","title":{"rendered":"Actualit\u00e9s"},"content":{"rendered":"<div class=\"wpb-content-wrapper\">[vc_row css=&#8221;.vc_custom_1632814206620{margin-bottom: 0px !important;padding-bottom: 0px !important;background-image: url(https:\/\/freemove.fr\/wp-content\/uploads\/2021\/09\/OnewheelXR-Freemove-scaled.jpg?id=9365) !important;background-position: center !important;background-repeat: no-repeat !important;background-size: cover !important;}&#8221; el_class=&#8221;banner_post&#8221;][vc_column el_class=&#8221;container banner_pad&#8221; css=&#8221;.vc_custom_1623700010452{margin-bottom: 0px !important;padding-top: 310px !important;padding-bottom: 216px !important;background-position: center !important;background-repeat: no-repeat !important;background-size: cover !important;}&#8221;][vc_row_inner css=&#8221;.vc_custom_1623491903936{margin-bottom: 0px !important;}&#8221;][vc_column_inner css=&#8221;.vc_custom_1623413500349{margin-bottom: 0px !important;padding-right: 0px !important;padding-left: 0px !important;}&#8221;]<style>.vcex-heading.vcex_69de6afb1e32c{color:#ffffff;font-family:Montserrat;font-weight:800;text-transform:uppercase;line-height:1.05;letter-spacing:4px;}<\/style><div class=\"vcex-heading vcex-heading-plain vcex-module wpex-heading wpex-text-2xl wpex-text-center vcex_69de6afb1e32c\"><span class=\"vcex-heading-inner wpex-block\"><span class=\"wpex-responsive-txt\" data-max-font-size=\"40\" data-data-min-font-size=\"30\">actualit\u00e9s<\/span><\/span><\/div><style>.vcex-heading.vcex_69de6afb1fd06{color:#ffffff;font-size:26px;font-family:Montserrat;font-weight:400;text-transform:uppercase;line-height:1.61538;letter-spacing:0px;}@media (max-width:1024px){.vcex-heading.vcex_69de6afb1fd06{font-size:24px;}}@media (max-width:959px){.vcex-heading.vcex_69de6afb1fd06{font-size:22px;}}@media (max-width:767px){.vcex-heading.vcex_69de6afb1fd06{font-size:20px;}}@media (max-width:479px){.vcex-heading.vcex_69de6afb1fd06{font-size:18px;}}<\/style><h2 class=\"vcex-heading vcex-heading-plain vcex-module wpex-heading wpex-text-2xl wpex-text-center vc_custom_1632814634630 vcex_69de6afb1fd06\"><span class=\"vcex-heading-inner wpex-inline-block\">Les infos Freemove<\/span><\/h2>[\/vc_column_inner][\/vc_row_inner][\/vc_column][\/vc_row][vc_row css=&#8221;.vc_custom_1623232101460{padding-top: 95px !important;padding-bottom: 115px !important;background-color: #ffffff !important;}&#8221; el_class=&#8221;padding_uniform&#8221;][vc_column el_class=&#8221;container&#8221; css=&#8221;.vc_custom_1623145253927{padding-right: 17.5px !important;padding-left: 17.5px !important;}&#8221;]<style>.vcex-blog-grid-wrap.vcex_69de6afb20667 .entry-details{background-color:rgba(255,255,255,0.01);}.vcex-blog-grid-wrap.vcex_69de6afb20667 .entry-title{color:#000000;font-size:20px;margin-block-start:10px;font-weight:800;text-transform:uppercase;}.vcex-blog-grid-wrap.vcex_69de6afb20667 .entry-excerpt{font-size:13px;color:#000000;}<\/style><div class=\"vcex-module vcex-blog-grid-wrap wpex-clr vcex_69de6afb20667\"><ul class=\"vcex-blog-filter vcex-filter-links wpex-flex-wrap wpex-list-none wpex-m-0 wpex-mb-25 wpex-gap-5 wpex-flex\"><li class=\"active\"><a href=\"#\" data-filter=\"*\" class=\"theme-button minimal-border\"><span>Tous<\/span><\/a><\/li><li class=\"filter-cat-25\"><a href=\"#\" data-filter=\".cat-25\" class=\"theme-button minimal-border\">Non class\u00e9<\/a><\/li><li class=\"filter-cat-1772\"><a href=\"#\" data-filter=\".cat-1772\" class=\"theme-button minimal-border\">Uncategorized<\/a><\/li><\/ul><div class=\"wpex-row vcex-blog-grid wpex-clr entries gap-35 vcex-isotope-grid wpex-overflow-hidden match-height-grid\"><div class=\"vcex-blog-entry vcex-grid-item entry-has-details span_1_of_2 span_1_of_2_tl span_1_of_2_tp span_1_of_1_pl span_1_of_1_pp col-1 col vcex-isotope-entry cat-1772 entry post-11922 type-post has-media translation_priority-1855 translation_priority-1774\"><div class=\"vcex-blog-entry-inner entry-inner wpex-first-mt-0 wpex-last-mb-0 wpex-clr\"><div class=\"vcex-blog-entry-media entry-media wpex-relative wpex-image-hover grow wpex-rounded-0\"><a href=\"https:\/\/freemove.fr\/en\/2021\/12\/sweep-of-2021\/\" title=\"SWEEP OF 2021!\"><img data-no-lazy=\"1\" class=\"vcex-blog-entry-img wpex-align-middle wpex-rounded-0 skip-lazy\" src=\"https:\/\/freemove.fr\/wp-content\/uploads\/2021\/12\/JOYEUSES-FETES-2021-min-516x342.jpg\" alt=\"\" width=\"516\" height=\"342\"><\/a><\/div><div class=\"vcex-blog-entry-details entry-details wpex-first-mt-0 wpex-last-mb-0 wpex-clr\"><div class=\"match-height-content\"><h2 class=\"vcex-blog-entry-title entry-title wpex-mb-5 wpex-child-inherit-color\"><a href=\"https:\/\/freemove.fr\/en\/2021\/12\/sweep-of-2021\/\">SWEEP OF 2021!<\/a><\/h2><div class=\"vcex-blog-entry-excerpt entry-excerpt wpex-my-15 wpex-text-pretty wpex-last-mb-0 wpex-clr\"><p>2021...We start from scratch but we don't let go! Here we go! Another year has gone by at lightning speed and it's already time to take stock. In the 13 years that Freemove has existed thanks to you, 2021 will&hellip;<\/p><\/div><\/div><\/div><\/div><\/div><div class=\"vcex-blog-entry vcex-grid-item entry-has-details span_1_of_2 span_1_of_2_tl span_1_of_2_tp span_1_of_1_pl span_1_of_1_pp col-2 col vcex-isotope-entry cat-25 entry post-10154 type-post has-media translation_priority-1774\"><div class=\"vcex-blog-entry-inner entry-inner wpex-first-mt-0 wpex-last-mb-0 wpex-clr\"><div class=\"vcex-blog-entry-media entry-media wpex-relative wpex-image-hover grow wpex-rounded-0\"><a href=\"https:\/\/freemove.fr\/en\/2018\/10\/bichonnez-votre-onewheel\/\" title=\"Bichonnez votre Onewheel !\"><img data-no-lazy=\"1\" class=\"vcex-blog-entry-img wpex-align-middle wpex-rounded-0 skip-lazy\" src=\"https:\/\/freemove.fr\/wp-content\/uploads\/2021\/06\/proride-516x342.jpg\" alt=\"\" width=\"516\" height=\"342\"><\/a><\/div><div class=\"vcex-blog-entry-details entry-details wpex-first-mt-0 wpex-last-mb-0 wpex-clr\"><div class=\"match-height-content\"><h2 class=\"vcex-blog-entry-title entry-title wpex-mb-5 wpex-child-inherit-color\"><a href=\"https:\/\/freemove.fr\/en\/2018\/10\/bichonnez-votre-onewheel\/\">Bichonnez votre Onewheel !<\/a><\/h2><div class=\"vcex-blog-entry-excerpt entry-excerpt wpex-my-15 wpex-text-pretty wpex-last-mb-0 wpex-clr\"><p>une exclusivit\u00e9 europ\u00e9enne ! Retrouvez tous les produits de la soci\u00e9t\u00e9 californienne\u00a0ProRide dans notre boutique et livr\u00e9s chez vous en 48h maxi ! Des pads Haute-traction multicolores... D\u00e9couvrez de nouvelles sensations de ride avec ces pads en mousse haute-densit\u00e9 et&hellip;<\/p><\/div><\/div><\/div><\/div><\/div><div class=\"vcex-blog-entry vcex-grid-item entry-has-details span_1_of_2 span_1_of_2_tl span_1_of_2_tp span_1_of_1_pl span_1_of_1_pp col-1 col vcex-isotope-entry cat-25 entry post-10152 type-post has-media translation_priority-1774\"><div class=\"vcex-blog-entry-inner entry-inner wpex-first-mt-0 wpex-last-mb-0 wpex-clr\"><div class=\"vcex-blog-entry-media entry-media wpex-relative wpex-image-hover grow wpex-rounded-0\"><a href=\"https:\/\/freemove.fr\/en\/2018\/06\/10-ans-de-glisse-gagnez-un-onewheel\/\" title=\"10 ANS DE GLISSE ! GAGNEZ UN ONEWHEEL+ !\"><img data-no-lazy=\"1\" class=\"vcex-blog-entry-img wpex-align-middle wpex-rounded-0 skip-lazy\" src=\"https:\/\/freemove.fr\/wp-content\/uploads\/2021\/06\/10ans_freemove_-_onewheel_gratuit_-516x342.png\" alt=\"\" width=\"516\" height=\"342\"><\/a><\/div><div class=\"vcex-blog-entry-details entry-details wpex-first-mt-0 wpex-last-mb-0 wpex-clr\"><div class=\"match-height-content\"><h2 class=\"vcex-blog-entry-title entry-title wpex-mb-5 wpex-child-inherit-color\"><a href=\"https:\/\/freemove.fr\/en\/2018\/06\/10-ans-de-glisse-gagnez-un-onewheel\/\">10 ANS DE GLISSE ! GAGNEZ UN ONEWHEEL+ !<\/a><\/h2><div class=\"vcex-blog-entry-excerpt entry-excerpt wpex-my-15 wpex-text-pretty wpex-last-mb-0 wpex-clr\"><p>10 ans, \u00e7a se f\u00eate ! un\u00a0onewheel+\u00a0\u00e0 gagner ! Cette semaine, et pour continuer le Bal des cadeaux de Mai, c'est un ONEWHEEL+\u00a0flambant neuf\u00a0que nous vous proposons de gagner ! Pour jouer, rien de plus simple, il faut juste suivre&hellip;<\/p><\/div><\/div><\/div><\/div><\/div><div class=\"vcex-blog-entry vcex-grid-item entry-has-details span_1_of_2 span_1_of_2_tl span_1_of_2_tp span_1_of_1_pl span_1_of_1_pp col-2 col vcex-isotope-entry cat-25 entry post-10150 type-post has-media translation_priority-1774\"><div class=\"vcex-blog-entry-inner entry-inner wpex-first-mt-0 wpex-last-mb-0 wpex-clr\"><div class=\"vcex-blog-entry-media entry-media wpex-relative wpex-image-hover grow wpex-rounded-0\"><a href=\"https:\/\/freemove.fr\/en\/2018\/05\/10-ans-de-glisse-gagnez-une-gotway-mcm4\/\" title=\"10 ANS DE GLISSE ! GAGNEZ UNE GOTWAY MCM4 !\"><img data-no-lazy=\"1\" class=\"vcex-blog-entry-img wpex-align-middle wpex-rounded-0 skip-lazy\" src=\"https:\/\/freemove.fr\/wp-content\/uploads\/2021\/06\/capture_decran_2018-05-09_a_10.10.51-min-516x342.png\" alt=\"\" width=\"516\" height=\"342\"><\/a><\/div><div class=\"vcex-blog-entry-details entry-details wpex-first-mt-0 wpex-last-mb-0 wpex-clr\"><div class=\"match-height-content\"><h2 class=\"vcex-blog-entry-title entry-title wpex-mb-5 wpex-child-inherit-color\"><a href=\"https:\/\/freemove.fr\/en\/2018\/05\/10-ans-de-glisse-gagnez-une-gotway-mcm4\/\">10 ANS DE GLISSE ! GAGNEZ UNE GOTWAY MCM4 !<\/a><\/h2><div class=\"vcex-blog-entry-excerpt entry-excerpt wpex-my-15 wpex-text-pretty wpex-last-mb-0 wpex-clr\"><p>10 ans, \u00e7a se f\u00eate ! une GOtway mcm4 340\u00a0\u00e0 gagner ! Cette semaine, et pour ouvrir le Bal des cadeaux de Mai, c'est une mono-roue GOTWAY MCM4 340Wh flambant neuve\u00a0que nous vous offrons ! Pour jouer, rien de plus&hellip;<\/p><\/div><\/div><\/div><\/div><\/div><\/div><\/div>[\/vc_column][\/vc_row]\n<\/div>","protected":false},"excerpt":{"rendered":"<p>[vc_row css=&#8221;.vc_custom_1632814206620{margin-bottom: 0px !important;padding-bottom: 0px !important;background-image: url(https:\/\/freemove.fr\/wp-content\/uploads\/2021\/09\/OnewheelXR-Freemove-scaled.jpg?id=9365) !important;background-position: center !important;background-repeat: no-repeat !important;background-size: cover !important;}&#8221; el_class=&#8221;banner_post&#8221;][vc_column el_class=&#8221;container banner_pad&#8221; css=&#8221;.vc_custom_1623700010452{margin-bottom: 0px !important;padding-top: 310px !important;padding-bottom: 216px !important;background-position: center !important;background-repeat: no-repeat !important;background-size: cover !important;}&#8221;][vc_row_inner css=&#8221;.vc_custom_1623491903936{margin-bottom: 0px !important;}&#8221;][vc_column_inner css=&#8221;.vc_custom_1623413500349{margin-bottom: 0px !important;padding-right: 0px !important;padding-left: 0px !important;}&#8221;][\/vc_column_inner][\/vc_row_inner][\/vc_column][\/vc_row][vc_row css=&#8221;.vc_custom_1623232101460{padding-top: 95px !important;padding-bottom: 115px !important;background-color: #ffffff !important;}&#8221; el_class=&#8221;padding_uniform&#8221;][vc_column el_class=&#8221;container&#8221; css=&#8221;.vc_custom_1623145253927{padding-right: 17.5px !important;padding-left: 17.5px !important;}&#8221;][\/vc_column][\/vc_row]<\/p>\n","protected":false},"author":1,"featured_media":0,"parent":0,"menu_order":0,"comment_status":"closed","ping_status":"closed","template":"","meta":{"inline_featured_image":false,"footnotes":""},"class_list":["post-10077","page","type-page","status-publish","hentry","entry","has-media"],"acf":[],"yoast_head":"<!-- This site is optimized with the Yoast SEO plugin v24.9 - https:\/\/yoast.com\/wordpress\/plugins\/seo\/ -->\n<title>Actualit\u00e9s<\/title>\n<meta name=\"robots\" content=\"index, follow, max-snippet:-1, max-image-preview:large, max-video-preview:-1\" \/>\n<link rel=\"canonical\" href=\"https:\/\/freemove.fr\/en\/actualites\/\" \/>\n<meta property=\"og:locale\" content=\"en_US\" \/>\n<meta property=\"og:type\" content=\"article\" \/>\n<meta property=\"og:title\" content=\"Actualit\u00e9s\" \/>\n<meta property=\"og:description\" content=\"[vc_row css=&#8221;.vc_custom_1632814206620{margin-bottom: 0px !important;padding-bottom: 0px !important;background-image: url(https:\/\/freemove.fr\/wp-content\/uploads\/2021\/09\/OnewheelXR-Freemove-scaled.jpg?id=9365) !important;background-position: center !important;background-repeat: no-repeat !important;background-size: cover !important;}&#8221; el_class=&#8221;banner_post&#8221;][vc_column el_class=&#8221;container banner_pad&#8221; css=&#8221;.vc_custom_1623700010452{margin-bottom: 0px !important;padding-top: 310px !important;padding-bottom: 216px !important;background-position: center !important;background-repeat: no-repeat !important;background-size: cover !important;}&#8221;][vc_row_inner css=&#8221;.vc_custom_1623491903936{margin-bottom: 0px !important;}&#8221;][vc_column_inner css=&#8221;.vc_custom_1623413500349{margin-bottom: 0px !important;padding-right: 0px !important;padding-left: 0px !important;}&#8221;][\/vc_column_inner][\/vc_row_inner][\/vc_column][\/vc_row][vc_row css=&#8221;.vc_custom_1623232101460{padding-top: 95px !important;padding-bottom: 115px !important;background-color: #ffffff !important;}&#8221; el_class=&#8221;padding_uniform&#8221;][vc_column el_class=&#8221;container&#8221; css=&#8221;.vc_custom_1623145253927{padding-right: 17.5px !important;padding-left: 17.5px !important;}&#8221;][\/vc_column][\/vc_row]\" \/>\n<meta property=\"og:url\" content=\"https:\/\/freemove.fr\/en\/actualites\/\" \/>\n<meta property=\"og:site_name\" content=\"Freemove la Glisse \u00c9lectrique pour tous\" \/>\n<meta property=\"article:modified_time\" content=\"2021-10-03T20:08:29+00:00\" \/>\n<meta name=\"twitter:card\" content=\"summary_large_image\" \/>\n<meta name=\"twitter:label1\" content=\"Est. reading time\" \/>\n\t<meta name=\"twitter:data1\" content=\"1 minute\" \/>\n<script type=\"application\/ld+json\" class=\"yoast-schema-graph\">{\"@context\":\"https:\/\/schema.org\",\"@graph\":[{\"@type\":\"WebPage\",\"@id\":\"https:\/\/freemove.fr\/en\/actualites\/\",\"url\":\"https:\/\/freemove.fr\/en\/actualites\/\",\"name\":\"Actualit\u00e9s\",\"isPartOf\":{\"@id\":\"https:\/\/freemove.fr\/en\/#website\"},\"datePublished\":\"2021-06-16T13:56:04+00:00\",\"dateModified\":\"2021-10-03T20:08:29+00:00\",\"breadcrumb\":{\"@id\":\"https:\/\/freemove.fr\/en\/actualites\/#breadcrumb\"},\"inLanguage\":\"en-US\",\"potentialAction\":[{\"@type\":\"ReadAction\",\"target\":[\"https:\/\/freemove.fr\/en\/actualites\/\"]}]},{\"@type\":\"BreadcrumbList\",\"@id\":\"https:\/\/freemove.fr\/en\/actualites\/#breadcrumb\",\"itemListElement\":[{\"@type\":\"ListItem\",\"position\":1,\"name\":\"Accueil\",\"item\":\"https:\/\/freemove.fr\/en\/\"},{\"@type\":\"ListItem\",\"position\":2,\"name\":\"Actualit\u00e9s\"}]},{\"@type\":\"WebSite\",\"@id\":\"https:\/\/freemove.fr\/en\/#website\",\"url\":\"https:\/\/freemove.fr\/en\/\",\"name\":\"Freemove la Glisse \u00c9lectrique pour tous\",\"description\":\"Onewheel - Visites guid\u00e9es en Segway \u00e0 Amboise\",\"publisher\":{\"@id\":\"https:\/\/freemove.fr\/en\/#organization\"},\"potentialAction\":[{\"@type\":\"SearchAction\",\"target\":{\"@type\":\"EntryPoint\",\"urlTemplate\":\"https:\/\/freemove.fr\/en\/?s={search_term_string}\"},\"query-input\":{\"@type\":\"PropertyValueSpecification\",\"valueRequired\":true,\"valueName\":\"search_term_string\"}}],\"inLanguage\":\"en-US\"},{\"@type\":\"Organization\",\"@id\":\"https:\/\/freemove.fr\/en\/#organization\",\"name\":\"Freemove\",\"url\":\"https:\/\/freemove.fr\/en\/\",\"logo\":{\"@type\":\"ImageObject\",\"inLanguage\":\"en-US\",\"@id\":\"https:\/\/freemove.fr\/en\/#\/schema\/logo\/image\/\",\"url\":\"https:\/\/freemove.fr\/wp-content\/uploads\/2021\/06\/footer_logotype-1.svg\",\"contentUrl\":\"https:\/\/freemove.fr\/wp-content\/uploads\/2021\/06\/footer_logotype-1.svg\",\"width\":163,\"height\":45,\"caption\":\"Freemove\"},\"image\":{\"@id\":\"https:\/\/freemove.fr\/en\/#\/schema\/logo\/image\/\"}}]}<\/script>\n<!-- \/ Yoast SEO plugin. -->","yoast_head_json":{"title":"Actualit\u00e9s","robots":{"index":"index","follow":"follow","max-snippet":"max-snippet:-1","max-image-preview":"max-image-preview:large","max-video-preview":"max-video-preview:-1"},"canonical":"https:\/\/freemove.fr\/en\/actualites\/","og_locale":"en_US","og_type":"article","og_title":"Actualit\u00e9s","og_description":"[vc_row css=&#8221;.vc_custom_1632814206620{margin-bottom: 0px !important;padding-bottom: 0px !important;background-image: url(https:\/\/freemove.fr\/wp-content\/uploads\/2021\/09\/OnewheelXR-Freemove-scaled.jpg?id=9365) !important;background-position: center !important;background-repeat: no-repeat !important;background-size: cover !important;}&#8221; el_class=&#8221;banner_post&#8221;][vc_column el_class=&#8221;container banner_pad&#8221; css=&#8221;.vc_custom_1623700010452{margin-bottom: 0px !important;padding-top: 310px !important;padding-bottom: 216px !important;background-position: center !important;background-repeat: no-repeat !important;background-size: cover !important;}&#8221;][vc_row_inner css=&#8221;.vc_custom_1623491903936{margin-bottom: 0px !important;}&#8221;][vc_column_inner css=&#8221;.vc_custom_1623413500349{margin-bottom: 0px !important;padding-right: 0px !important;padding-left: 0px !important;}&#8221;][\/vc_column_inner][\/vc_row_inner][\/vc_column][\/vc_row][vc_row css=&#8221;.vc_custom_1623232101460{padding-top: 95px !important;padding-bottom: 115px !important;background-color: #ffffff !important;}&#8221; el_class=&#8221;padding_uniform&#8221;][vc_column el_class=&#8221;container&#8221; css=&#8221;.vc_custom_1623145253927{padding-right: 17.5px !important;padding-left: 17.5px !important;}&#8221;][\/vc_column][\/vc_row]","og_url":"https:\/\/freemove.fr\/en\/actualites\/","og_site_name":"Freemove la Glisse \u00c9lectrique pour tous","article_modified_time":"2021-10-03T20:08:29+00:00","twitter_card":"summary_large_image","twitter_misc":{"Est. reading time":"1 minute"},"schema":{"@context":"https:\/\/schema.org","@graph":[{"@type":"WebPage","@id":"https:\/\/freemove.fr\/en\/actualites\/","url":"https:\/\/freemove.fr\/en\/actualites\/","name":"Actualit\u00e9s","isPartOf":{"@id":"https:\/\/freemove.fr\/en\/#website"},"datePublished":"2021-06-16T13:56:04+00:00","dateModified":"2021-10-03T20:08:29+00:00","breadcrumb":{"@id":"https:\/\/freemove.fr\/en\/actualites\/#breadcrumb"},"inLanguage":"en-US","potentialAction":[{"@type":"ReadAction","target":["https:\/\/freemove.fr\/en\/actualites\/"]}]},{"@type":"BreadcrumbList","@id":"https:\/\/freemove.fr\/en\/actualites\/#breadcrumb","itemListElement":[{"@type":"ListItem","position":1,"name":"Accueil","item":"https:\/\/freemove.fr\/en\/"},{"@type":"ListItem","position":2,"name":"Actualit\u00e9s"}]},{"@type":"WebSite","@id":"https:\/\/freemove.fr\/en\/#website","url":"https:\/\/freemove.fr\/en\/","name":"Freemove la Glisse \u00c9lectrique pour tous","description":"Onewheel - Visites guid\u00e9es en Segway \u00e0 Amboise","publisher":{"@id":"https:\/\/freemove.fr\/en\/#organization"},"potentialAction":[{"@type":"SearchAction","target":{"@type":"EntryPoint","urlTemplate":"https:\/\/freemove.fr\/en\/?s={search_term_string}"},"query-input":{"@type":"PropertyValueSpecification","valueRequired":true,"valueName":"search_term_string"}}],"inLanguage":"en-US"},{"@type":"Organization","@id":"https:\/\/freemove.fr\/en\/#organization","name":"Freemove","url":"https:\/\/freemove.fr\/en\/","logo":{"@type":"ImageObject","inLanguage":"en-US","@id":"https:\/\/freemove.fr\/en\/#\/schema\/logo\/image\/","url":"https:\/\/freemove.fr\/wp-content\/uploads\/2021\/06\/footer_logotype-1.svg","contentUrl":"https:\/\/freemove.fr\/wp-content\/uploads\/2021\/06\/footer_logotype-1.svg","width":163,"height":45,"caption":"Freemove"},"image":{"@id":"https:\/\/freemove.fr\/en\/#\/schema\/logo\/image\/"}}]}},"_links":{"self":[{"href":"https:\/\/freemove.fr\/en\/wp-json\/wp\/v2\/pages\/10077","targetHints":{"allow":["GET"]}}],"collection":[{"href":"https:\/\/freemove.fr\/en\/wp-json\/wp\/v2\/pages"}],"about":[{"href":"https:\/\/freemove.fr\/en\/wp-json\/wp\/v2\/types\/page"}],"author":[{"embeddable":true,"href":"https:\/\/freemove.fr\/en\/wp-json\/wp\/v2\/users\/1"}],"replies":[{"embeddable":true,"href":"https:\/\/freemove.fr\/en\/wp-json\/wp\/v2\/comments?post=10077"}],"version-history":[{"count":2,"href":"https:\/\/freemove.fr\/en\/wp-json\/wp\/v2\/pages\/10077\/revisions"}],"predecessor-version":[{"id":10083,"href":"https:\/\/freemove.fr\/en\/wp-json\/wp\/v2\/pages\/10077\/revisions\/10083"}],"wp:attachment":[{"href":"https:\/\/freemove.fr\/en\/wp-json\/wp\/v2\/media?parent=10077"}],"curies":[{"name":"wp","href":"https:\/\/api.w.org\/{rel}","templated":true}]}}