


























{"id":10069,"date":"2021-06-14T18:52:07","date_gmt":"2021-06-14T16:52:07","guid":{"rendered":"https:\/\/freemove.freeride\/"},"modified":"2021-10-03T22:08:11","modified_gmt":"2021-10-03T20:08:11","slug":"freeride","status":"publish","type":"page","link":"https:\/\/freemove.fr\/en\/freeride\/","title":{"rendered":"Freeride l&#8217;\u00e9cole de roue \u00e9lectrique"},"content":{"rendered":"<div class=\"wpb-content-wrapper\">[vc_row css=&#8221;.vc_custom_1632477318553{margin-bottom: 0px !important;padding-bottom: 0px !important;background-image: url(https:\/\/freemove.fr\/wp-content\/uploads\/2021\/09\/Ecole-Glisse-Freemove-min-scaled.jpg?id=9314) !important;background-position: center !important;background-repeat: no-repeat !important;background-size: cover !important;}&#8221; el_class=&#8221;banner_post&#8221;][vc_column el_class=&#8221;container banner_pad&#8221; css=&#8221;.vc_custom_1623700082300{margin-bottom: 0px !important;padding-top: 310px !important;padding-bottom: 216px !important;background-position: center !important;background-repeat: no-repeat !important;background-size: cover !important;}&#8221;][vc_row_inner css=&#8221;.vc_custom_1623491903936{margin-bottom: 0px !important;}&#8221;][vc_column_inner css=&#8221;.vc_custom_1623413500349{margin-bottom: 0px !important;padding-right: 0px !important;padding-left: 0px !important;}&#8221;]<style>.vcex-heading.vcex_69e62da4d5f65{color:#ffffff;font-family:Montserrat;font-weight:800;text-transform:uppercase;line-height:1.05;letter-spacing:4px;}<\/style><h2 class=\"vcex-heading vcex-heading-plain vcex-module wpex-heading wpex-text-2xl wpex-text-center vcex_69e62da4d5f65\"><span class=\"vcex-heading-inner wpex-block\"><span class=\"wpex-responsive-txt\" data-max-font-size=\"40\" data-data-min-font-size=\"30\">Freeride<\/span><\/span><\/h2><style>.vcex-heading.vcex_69e62da4d6f5e{color:#ffffff;font-size:26px;font-family:Montserrat;font-weight:400;text-transform:uppercase;line-height:1.61538;letter-spacing:0px;}@media (max-width:1024px){.vcex-heading.vcex_69e62da4d6f5e{font-size:24px;}}@media (max-width:959px){.vcex-heading.vcex_69e62da4d6f5e{font-size:22px;}}@media (max-width:767px){.vcex-heading.vcex_69e62da4d6f5e{font-size:20px;}}@media (max-width:479px){.vcex-heading.vcex_69e62da4d6f5e{font-size:18px;}}<\/style><h1 class=\"vcex-heading vcex-heading-plain vcex-module wpex-heading wpex-text-2xl wpex-text-center vc_custom_1632917914403 vcex_69e62da4d6f5e\"><span class=\"vcex-heading-inner wpex-inline-block\">Venez faire un stage de glisse \u00e9lectrique !<\/span><\/h1>[\/vc_column_inner][\/vc_row_inner][\/vc_column][\/vc_row][vc_row css=&#8221;.vc_custom_1623491181655{margin-bottom: 0px !important;padding-top: 120px !important;padding-bottom: 100px !important;}&#8221; el_class=&#8221;padding_uniform&#8221;][vc_column el_class=&#8221;container&#8221; css=&#8221;.vc_custom_1623491227576{margin-bottom: 0px !important;padding-right: 17.5px !important;padding-bottom: 0px !important;padding-left: 17.5px !important;}&#8221;][vc_row_inner gap=&#8221;15&#8243; css=&#8221;.vc_custom_1623490854327{margin-bottom: 0px !important;border-bottom-width: 0px !important;padding-right: 0px !important;padding-left: 0px !important;}&#8221; el_class=&#8221;justify-content-between&#8221;][vc_column_inner el_class=&#8221;pad_15_mob&#8221; width=&#8221;1\/2&#8243; css=&#8221;.vc_custom_1623491300463{margin-bottom: 0px !important;padding-top: 20px !important;padding-bottom: 20px !important;padding-left: 0px !important;}&#8221; offset=&#8221;vc_col-md-6&#8243;][vc_column_text]Amateurs de glisse et de sensations, venez d\u00e9couvrir les sensations uniques de la gliss\u00e9 \u00e9lectrique et du freeride\u00a0 ! Le OneWheel, la gyroroue et le Segway vous attendent chez nous, en famille, entre coll\u00e8gues, pour 1h ou une journ\u00e9e.<\/p>\n<p>La montagne s&#8217;invite en Touraine avec ces nouveaux moyens de d\u00e9placement ! Retrouvez les sensations du surf, du ski ou du snowboard en chevauchant ces montures d&#8217;un nouveau genre ![\/vc_column_text]<style>.vcex-button.vcex_69e62da4d7951{border-radius:23px;background:#00ff33;color:#000000!important;padding-block-start:12px;padding-block-end:9px;padding-inline:81px;margin-block-start:47px;border:1px solid #00FF33;font-family:Montserrat;font-size:20px;letter-spacing:2px;font-weight:600;text-transform:uppercase;}.vcex-button.vcex_69e62da4d7951:hover{background:rgba(0,0,0,0.01)!important;color:#00ff33!important;}@media (max-width:1024px){.vcex-button.vcex_69e62da4d7951{font-size:18px;}}@media (max-width:959px){.vcex-button.vcex_69e62da4d7951{font-size:18px;}}@media (max-width:767px){.vcex-button.vcex_69e62da4d7951{font-size:16px;}}@media (max-width:479px){.vcex-button.vcex_69e62da4d7951{font-size:16px;}}<\/style><style>.vcex_69e62da4db8f0{font-size:20px!important;}@media (max-width:1024px){.vcex_69e62da4db8f0{font-size:18px!important;}}@media (max-width:959px){.vcex_69e62da4db8f0{font-size:18px!important;}}@media (max-width:767px){.vcex_69e62da4db8f0{font-size:16px!important;}}@media (max-width:479px){.vcex_69e62da4db8f0{font-size:16px!important;}}<\/style><div class=\"theme-button-wrap theme-button-block-wrap wpex-block wpex-clear wpex-clr\"><a href=\"https:\/\/freemove.fr\/en\/reservation-stage-onewheel\/\" class=\"vcex-button theme-button flat align-left block vcex_69e62da4db8f0 vcex_69e62da4d7951\"><span class=\"vcex-button-inner theme-button-inner wpex-flex wpex-flex-wrap wpex-items-center wpex-justify-center\">Je m&#8217;inscris !<\/span><\/a><\/div> [\/vc_column_inner][vc_column_inner el_class=&#8221;padding_15_mob&#8221; width=&#8221;1\/2&#8243; css=&#8221;.vc_custom_1623491678887{margin-bottom: 0px !important;padding-top: 20px !important;padding-right: 20px !important;padding-bottom: 20px !important;padding-left: 20px !important;background-color: #ffffff !important;}&#8221; offset=&#8221;vc_col-lg-5 vc_col-md-5&#8243;]<style>.vcex-heading.vcex_69e62da4dbd37{color:#000000;font-size:20px;font-family:Montserrat;font-weight:800;text-transform:uppercase;letter-spacing:2px;}@media (max-width:1024px){.vcex-heading.vcex_69e62da4dbd37{font-size:18px;}}@media (max-width:959px){.vcex-heading.vcex_69e62da4dbd37{font-size:18px;}}@media (max-width:767px){.vcex-heading.vcex_69e62da4dbd37{font-size:18px;}}@media (max-width:479px){.vcex-heading.vcex_69e62da4dbd37{font-size:16px;}}<\/style><h2 class=\"vcex-heading vcex-heading-plain vcex-module wpex-heading wpex-text-2xl wpex-mb-40 vcex_69e62da4dbd37\"><span class=\"vcex-heading-inner wpex-inline-block\">Votre licence est indispensable pour :<\/span><\/h2>[vc_column_text]\n<ul>\n<li><strong>Louer<\/strong> notre mat\u00e9riel quand bon vous semble et pour la dur\u00e9e de votre choix<\/li>\n<li><strong>Participer<\/strong> aux randonn\u00e9es que nous vous proposons toute l&#8217;ann\u00e9e<\/li>\n<li><strong>Profiter<\/strong> de r\u00e9ductions sur nos visites guid\u00e9es en gyropodes Segway<\/li>\n<li><strong>B\u00e9n\u00e9ficier<\/strong> de nos tarifs pr\u00e9f\u00e9rentiels sur l&#8217;achat de votre mat\u00e9riel<\/li>\n<\/ul>\n[\/vc_column_text][\/vc_column_inner][\/vc_row_inner][\/vc_column][\/vc_row][vc_row css=&#8221;.vc_custom_1623232101460{padding-top: 95px !important;padding-bottom: 115px !important;background-color: #ffffff !important;}&#8221; el_class=&#8221;padding_uniform&#8221;][vc_column el_class=&#8221;container&#8221; css=&#8221;.vc_custom_1623145253927{padding-right: 17.5px !important;padding-left: 17.5px !important;}&#8221;][vc_row_inner gap=&#8221;35&#8243;][vc_column_inner width=&#8221;1\/2&#8243; css=&#8221;.vc_custom_1623152618595{margin-bottom: 0px !important;padding-right: 0px !important;padding-left: 0px !important;}&#8221;]<style>.vcex-image.vcex_69e62da4dc3b8 .vcex-image-inner{max-width:516px;}<\/style><figure class=\"vcex-image vcex-module wpex-text-center img_overflow vcex_69e62da4dc3b8\"><div class=\"vcex-image-inner wpex-relative wpex-inline-block hvr hvr-grow vc_custom_1632479648741\"><a href=\"https:\/\/freemove.freeride\/gyroroue\/\"><img loading=\"lazy\" class=\"vcex-image-img wpex-align-middle\" decoding=\"async\" src=\"https:\/\/freemove.fr\/wp-content\/uploads\/2021\/09\/Stage-Monoroue-Freemove-min-460x262.jpg\" alt=\"\" srcset=\"https:\/\/freemove.fr\/wp-content\/uploads\/2021\/09\/Stage-Monoroue-Freemove-min-460x262.jpg 460w, https:\/\/freemove.fr\/wp-content\/uploads\/2021\/09\/Stage-Monoroue-Freemove-min-300x171.jpg 300w, https:\/\/freemove.fr\/wp-content\/uploads\/2021\/09\/Stage-Monoroue-Freemove-min-1024x583.jpg 1024w, https:\/\/freemove.fr\/wp-content\/uploads\/2021\/09\/Stage-Monoroue-Freemove-min-768x438.jpg 768w, https:\/\/freemove.fr\/wp-content\/uploads\/2021\/09\/Stage-Monoroue-Freemove-min-516x294.jpg 516w, https:\/\/freemove.fr\/wp-content\/uploads\/2021\/09\/Stage-Monoroue-Freemove-min-600x342.jpg 600w, https:\/\/freemove.fr\/wp-content\/uploads\/2021\/09\/Stage-Monoroue-Freemove-min.jpg 1032w\" width=\"460\" height=\"262\"><\/a><\/div><\/figure><style>.vcex-heading.vcex_69e62da4e6057{color:#000000;font-size:20px;font-family:Montserrat;font-weight:600;text-transform:uppercase;line-height:1.2;letter-spacing:2px;}.vcex-heading.vcex_69e62da4e6057:hover{color:#00ff33;}@media (max-width:1024px){.vcex-heading.vcex_69e62da4e6057{font-size:18px;}}@media (max-width:959px){.vcex-heading.vcex_69e62da4e6057{font-size:18px;}}@media (max-width:767px){.vcex-heading.vcex_69e62da4e6057{font-size:16px;}}@media (max-width:479px){.vcex-heading.vcex_69e62da4e6057{font-size:15px;}}<\/style><h4 class=\"vcex-heading vcex-heading-plain vcex-module wpex-heading wpex-text-2xl vc_custom_1629279581062 d-block vcex_69e62da4e6057\"><a href=\"https:\/\/freemove.freeride\/gyroroue\/\" class=\"wpex-no-underline wpex-inherit-color-important\" title=\"MONOROUE\" target=\"_self\"><span class=\"vcex-heading-inner wpex-inline-block\"><span class=\"d-flex justify-content-between align-items-center\"><span><strong>Initiation roue \u00e9lectrique<\/strong><br><span class=\"letter-space0\">le monde devient un domaine skiable !<\/span><\/span><span><i class=\"fal fa-arrow-right\"><\/i><\/span><\/span><\/span><\/a><\/h4>[\/vc_column_inner][vc_column_inner width=&#8221;1\/2&#8243; css=&#8221;.vc_custom_1623152626858{margin-bottom: 0px !important;padding-right: 0px !important;padding-left: 0px !important;}&#8221;]<style>.vcex-image.vcex_69e62da4e677d .vcex-image-inner{max-width:516px;}<\/style><figure class=\"vcex-image vcex-module img_overflow vcex_69e62da4e677d\"><div class=\"vcex-image-inner wpex-relative wpex-inline-block hvr hvr-grow vc_custom_1632479678317\"><a href=\"https:\/\/freemove.fr\/en\/onewheel\/\"><img loading=\"lazy\" class=\"vcex-image-img wpex-align-middle\" decoding=\"async\" src=\"https:\/\/freemove.fr\/wp-content\/uploads\/2021\/09\/Stage-Onewheel-Freemove-min-460x262.jpg\" alt=\"\" srcset=\"https:\/\/freemove.fr\/wp-content\/uploads\/2021\/09\/Stage-Onewheel-Freemove-min-460x262.jpg 460w, https:\/\/freemove.fr\/wp-content\/uploads\/2021\/09\/Stage-Onewheel-Freemove-min-300x171.jpg 300w, https:\/\/freemove.fr\/wp-content\/uploads\/2021\/09\/Stage-Onewheel-Freemove-min-1024x583.jpg 1024w, https:\/\/freemove.fr\/wp-content\/uploads\/2021\/09\/Stage-Onewheel-Freemove-min-768x438.jpg 768w, https:\/\/freemove.fr\/wp-content\/uploads\/2021\/09\/Stage-Onewheel-Freemove-min-516x294.jpg 516w, https:\/\/freemove.fr\/wp-content\/uploads\/2021\/09\/Stage-Onewheel-Freemove-min-600x342.jpg 600w, https:\/\/freemove.fr\/wp-content\/uploads\/2021\/09\/Stage-Onewheel-Freemove-min.jpg 1032w\" width=\"460\" height=\"262\"><\/a><\/div><\/figure><style>.vcex-heading.vcex_69e62da4e9b0e{color:#000000;font-size:20px;font-family:Montserrat;font-weight:600;text-transform:uppercase;line-height:1.2;letter-spacing:2px;}.vcex-heading.vcex_69e62da4e9b0e:hover{color:#00ff33;}@media (max-width:1024px){.vcex-heading.vcex_69e62da4e9b0e{font-size:18px;}}@media (max-width:959px){.vcex-heading.vcex_69e62da4e9b0e{font-size:18px;}}@media (max-width:767px){.vcex-heading.vcex_69e62da4e9b0e{font-size:16px;}}@media (max-width:479px){.vcex-heading.vcex_69e62da4e9b0e{font-size:15px;}}<\/style><h4 class=\"vcex-heading vcex-heading-plain vcex-module wpex-heading wpex-text-2xl vc_custom_1629279802506 d-block vcex_69e62da4e9b0e\"><a href=\"https:\/\/freemove.fr\/onewheel\/\" class=\"wpex-no-underline wpex-inherit-color-important\" title=\"Onewheel\" target=\"_self\"><span class=\"vcex-heading-inner wpex-inline-block\"><span class=\"d-flex justify-content-between align-items-center\"><span><strong>Partez en balade en Onewheel<\/strong><br><span class=\"letter-space0\">le snowboard urbain !<\/span><\/span><span><i class=\"fal fa-arrow-right\"><\/i><\/span><\/span><\/span><\/a><\/h4>[\/vc_column_inner][\/vc_row_inner][\/vc_column][\/vc_row]\n<\/div>","protected":false},"excerpt":{"rendered":"<p>[vc_row css=&#8221;.vc_custom_1632477318553{margin-bottom: 0px !important;padding-bottom: 0px !important;background-image: url(https:\/\/freemove.fr\/wp-content\/uploads\/2021\/09\/Ecole-Glisse-Freemove-min-scaled.jpg?id=9314) !important;background-position: center !important;background-repeat: no-repeat !important;background-size: cover !important;}&#8221; el_class=&#8221;banner_post&#8221;][vc_column el_class=&#8221;container banner_pad&#8221; css=&#8221;.vc_custom_1623700082300{margin-bottom: 0px !important;padding-top: 310px !important;padding-bottom: 216px !important;background-position: center !important;background-repeat: no-repeat !important;background-size: cover !important;}&#8221;][vc_row_inner css=&#8221;.vc_custom_1623491903936{margin-bottom: 0px !important;}&#8221;][vc_column_inner css=&#8221;.vc_custom_1623413500349{margin-bottom: 0px !important;padding-right: 0px !important;padding-left: 0px !important;}&#8221;][\/vc_column_inner][\/vc_row_inner][\/vc_column][\/vc_row][vc_row css=&#8221;.vc_custom_1623491181655{margin-bottom: 0px !important;padding-top: 120px !important;padding-bottom: 100px !important;}&#8221; el_class=&#8221;padding_uniform&#8221;][vc_column el_class=&#8221;container&#8221; css=&#8221;.vc_custom_1623491227576{margin-bottom: 0px !important;padding-right: 17.5px !important;padding-bottom: 0px&hellip;<\/p>\n","protected":false},"author":1,"featured_media":0,"parent":0,"menu_order":0,"comment_status":"closed","ping_status":"closed","template":"","meta":{"inline_featured_image":false,"footnotes":""},"class_list":["post-10069","page","type-page","status-publish","hentry","entry","no-media"],"acf":[],"yoast_head":"<!-- This site is optimized with the Yoast SEO plugin v24.9 - https:\/\/yoast.com\/wordpress\/plugins\/seo\/ -->\n<title>L&#039;\u00e9cole de glisse \u00e9lectrique en Touraine d\u00e9couvrez un nouveau plaisir<\/title>\n<meta name=\"description\" content=\"Freemove vous fais d\u00e9couvrir les plaisirs de la glisse \u00e9lectrique en Touraine. Onewheel, gyroroue, gyropode, initiez-vous et partez en balade \u00e9lectrique.\" \/>\n<meta name=\"robots\" content=\"index, follow, max-snippet:-1, max-image-preview:large, max-video-preview:-1\" \/>\n<link rel=\"canonical\" href=\"https:\/\/freemove.fr\/en\/freeride\/\" \/>\n<meta property=\"og:locale\" content=\"en_US\" \/>\n<meta property=\"og:type\" content=\"article\" \/>\n<meta property=\"og:title\" content=\"L&#039;\u00e9cole de glisse \u00e9lectrique en Touraine d\u00e9couvrez un nouveau plaisir\" \/>\n<meta property=\"og:description\" content=\"Freemove vous fais d\u00e9couvrir les plaisirs de la glisse \u00e9lectrique en Touraine. Onewheel, gyroroue, gyropode, initiez-vous et partez en balade \u00e9lectrique.\" \/>\n<meta property=\"og:url\" content=\"https:\/\/freemove.fr\/en\/freeride\/\" \/>\n<meta property=\"og:site_name\" content=\"Freemove la Glisse \u00c9lectrique pour tous\" \/>\n<meta property=\"article:modified_time\" content=\"2021-10-03T20:08:11+00:00\" \/>\n<meta name=\"twitter:card\" content=\"summary_large_image\" \/>\n<meta name=\"twitter:label1\" content=\"Est. reading time\" \/>\n\t<meta name=\"twitter:data1\" content=\"2 minutes\" \/>\n<script type=\"application\/ld+json\" class=\"yoast-schema-graph\">{\"@context\":\"https:\/\/schema.org\",\"@graph\":[{\"@type\":\"WebPage\",\"@id\":\"https:\/\/freemove.fr\/en\/freeride\/\",\"url\":\"https:\/\/freemove.fr\/en\/freeride\/\",\"name\":\"L'\u00e9cole de glisse \u00e9lectrique en Touraine d\u00e9couvrez un nouveau plaisir\",\"isPartOf\":{\"@id\":\"https:\/\/freemove.fr\/en\/#website\"},\"datePublished\":\"2021-06-14T16:52:07+00:00\",\"dateModified\":\"2021-10-03T20:08:11+00:00\",\"description\":\"Freemove vous fais d\u00e9couvrir les plaisirs de la glisse \u00e9lectrique en Touraine. Onewheel, gyroroue, gyropode, initiez-vous et partez en balade \u00e9lectrique.\",\"breadcrumb\":{\"@id\":\"https:\/\/freemove.fr\/en\/freeride\/#breadcrumb\"},\"inLanguage\":\"en-US\",\"potentialAction\":[{\"@type\":\"ReadAction\",\"target\":[\"https:\/\/freemove.fr\/en\/freeride\/\"]}]},{\"@type\":\"BreadcrumbList\",\"@id\":\"https:\/\/freemove.fr\/en\/freeride\/#breadcrumb\",\"itemListElement\":[{\"@type\":\"ListItem\",\"position\":1,\"name\":\"Accueil\",\"item\":\"https:\/\/freemove.fr\/en\/\"},{\"@type\":\"ListItem\",\"position\":2,\"name\":\"Freeride l&#8217;\u00e9cole de roue \u00e9lectrique\"}]},{\"@type\":\"WebSite\",\"@id\":\"https:\/\/freemove.fr\/en\/#website\",\"url\":\"https:\/\/freemove.fr\/en\/\",\"name\":\"Freemove la Glisse \u00c9lectrique pour tous\",\"description\":\"Onewheel - Visites guid\u00e9es en Segway \u00e0 Amboise\",\"publisher\":{\"@id\":\"https:\/\/freemove.fr\/en\/#organization\"},\"potentialAction\":[{\"@type\":\"SearchAction\",\"target\":{\"@type\":\"EntryPoint\",\"urlTemplate\":\"https:\/\/freemove.fr\/en\/?s={search_term_string}\"},\"query-input\":{\"@type\":\"PropertyValueSpecification\",\"valueRequired\":true,\"valueName\":\"search_term_string\"}}],\"inLanguage\":\"en-US\"},{\"@type\":\"Organization\",\"@id\":\"https:\/\/freemove.fr\/en\/#organization\",\"name\":\"Freemove\",\"url\":\"https:\/\/freemove.fr\/en\/\",\"logo\":{\"@type\":\"ImageObject\",\"inLanguage\":\"en-US\",\"@id\":\"https:\/\/freemove.fr\/en\/#\/schema\/logo\/image\/\",\"url\":\"https:\/\/freemove.fr\/wp-content\/uploads\/2021\/06\/footer_logotype-1.svg\",\"contentUrl\":\"https:\/\/freemove.fr\/wp-content\/uploads\/2021\/06\/footer_logotype-1.svg\",\"width\":163,\"height\":45,\"caption\":\"Freemove\"},\"image\":{\"@id\":\"https:\/\/freemove.fr\/en\/#\/schema\/logo\/image\/\"}}]}<\/script>\n<!-- \/ Yoast SEO plugin. -->","yoast_head_json":{"title":"L'\u00e9cole de glisse \u00e9lectrique en Touraine d\u00e9couvrez un nouveau plaisir","description":"Freemove vous fais d\u00e9couvrir les plaisirs de la glisse \u00e9lectrique en Touraine. Onewheel, gyroroue, gyropode, initiez-vous et partez en balade \u00e9lectrique.","robots":{"index":"index","follow":"follow","max-snippet":"max-snippet:-1","max-image-preview":"max-image-preview:large","max-video-preview":"max-video-preview:-1"},"canonical":"https:\/\/freemove.fr\/en\/freeride\/","og_locale":"en_US","og_type":"article","og_title":"L'\u00e9cole de glisse \u00e9lectrique en Touraine d\u00e9couvrez un nouveau plaisir","og_description":"Freemove vous fais d\u00e9couvrir les plaisirs de la glisse \u00e9lectrique en Touraine. Onewheel, gyroroue, gyropode, initiez-vous et partez en balade \u00e9lectrique.","og_url":"https:\/\/freemove.fr\/en\/freeride\/","og_site_name":"Freemove la Glisse \u00c9lectrique pour tous","article_modified_time":"2021-10-03T20:08:11+00:00","twitter_card":"summary_large_image","twitter_misc":{"Est. reading time":"2 minutes"},"schema":{"@context":"https:\/\/schema.org","@graph":[{"@type":"WebPage","@id":"https:\/\/freemove.fr\/en\/freeride\/","url":"https:\/\/freemove.fr\/en\/freeride\/","name":"L'\u00e9cole de glisse \u00e9lectrique en Touraine d\u00e9couvrez un nouveau plaisir","isPartOf":{"@id":"https:\/\/freemove.fr\/en\/#website"},"datePublished":"2021-06-14T16:52:07+00:00","dateModified":"2021-10-03T20:08:11+00:00","description":"Freemove vous fais d\u00e9couvrir les plaisirs de la glisse \u00e9lectrique en Touraine. Onewheel, gyroroue, gyropode, initiez-vous et partez en balade \u00e9lectrique.","breadcrumb":{"@id":"https:\/\/freemove.fr\/en\/freeride\/#breadcrumb"},"inLanguage":"en-US","potentialAction":[{"@type":"ReadAction","target":["https:\/\/freemove.fr\/en\/freeride\/"]}]},{"@type":"BreadcrumbList","@id":"https:\/\/freemove.fr\/en\/freeride\/#breadcrumb","itemListElement":[{"@type":"ListItem","position":1,"name":"Accueil","item":"https:\/\/freemove.fr\/en\/"},{"@type":"ListItem","position":2,"name":"Freeride l&#8217;\u00e9cole de roue \u00e9lectrique"}]},{"@type":"WebSite","@id":"https:\/\/freemove.fr\/en\/#website","url":"https:\/\/freemove.fr\/en\/","name":"Freemove la Glisse \u00c9lectrique pour tous","description":"Onewheel - Visites guid\u00e9es en Segway \u00e0 Amboise","publisher":{"@id":"https:\/\/freemove.fr\/en\/#organization"},"potentialAction":[{"@type":"SearchAction","target":{"@type":"EntryPoint","urlTemplate":"https:\/\/freemove.fr\/en\/?s={search_term_string}"},"query-input":{"@type":"PropertyValueSpecification","valueRequired":true,"valueName":"search_term_string"}}],"inLanguage":"en-US"},{"@type":"Organization","@id":"https:\/\/freemove.fr\/en\/#organization","name":"Freemove","url":"https:\/\/freemove.fr\/en\/","logo":{"@type":"ImageObject","inLanguage":"en-US","@id":"https:\/\/freemove.fr\/en\/#\/schema\/logo\/image\/","url":"https:\/\/freemove.fr\/wp-content\/uploads\/2021\/06\/footer_logotype-1.svg","contentUrl":"https:\/\/freemove.fr\/wp-content\/uploads\/2021\/06\/footer_logotype-1.svg","width":163,"height":45,"caption":"Freemove"},"image":{"@id":"https:\/\/freemove.fr\/en\/#\/schema\/logo\/image\/"}}]}},"_links":{"self":[{"href":"https:\/\/freemove.fr\/en\/wp-json\/wp\/v2\/pages\/10069","targetHints":{"allow":["GET"]}}],"collection":[{"href":"https:\/\/freemove.fr\/en\/wp-json\/wp\/v2\/pages"}],"about":[{"href":"https:\/\/freemove.fr\/en\/wp-json\/wp\/v2\/types\/page"}],"author":[{"embeddable":true,"href":"https:\/\/freemove.fr\/en\/wp-json\/wp\/v2\/users\/1"}],"replies":[{"embeddable":true,"href":"https:\/\/freemove.fr\/en\/wp-json\/wp\/v2\/comments?post=10069"}],"version-history":[{"count":1,"href":"https:\/\/freemove.fr\/en\/wp-json\/wp\/v2\/pages\/10069\/revisions"}],"predecessor-version":[{"id":10070,"href":"https:\/\/freemove.fr\/en\/wp-json\/wp\/v2\/pages\/10069\/revisions\/10070"}],"wp:attachment":[{"href":"https:\/\/freemove.fr\/en\/wp-json\/wp\/v2\/media?parent=10069"}],"curies":[{"name":"wp","href":"https:\/\/api.w.org\/{rel}","templated":true}]}}